{"id":3708,"date":"2023-10-31T16:14:15","date_gmt":"2023-10-31T16:14:15","guid":{"rendered":"http:\/\/vercors-en-vert.fr\/vercors\/?page_id=3708"},"modified":"2025-05-26T13:57:32","modified_gmt":"2025-05-26T13:57:32","slug":"petit-dej","status":"publish","type":"page","link":"https:\/\/vercors-en-vert.fr\/?page_id=3708","title":{"rendered":"Petit d\u00e9jeuner"},"content":{"rendered":"<p>Je vous propose un petit d\u00e9jeuner optionnel copieux &#8230;<\/p>\n<p>Th\u00e9 ou Caf\u00e9 italien,<\/p>\n<p>1 Croissant<\/p>\n<p>1 petit pain aux figues<\/p>\n<p>1 Baguette<\/p>\n<p>Jus de fruits bio<\/p>\n<p>Confitures bio maison<\/p>\n<p>pains d&rsquo;\u00e9pices artisanaux<\/p>\n<p>Miel de mes ruches.<\/p>\n<p>Fromage<\/p>\n<p>Charcuterie<\/p>\n<p>Jambon<\/p>\n<p>Fruits de saison<\/p>\n<p>Yaourt<\/p>\n<p>Co\u00fbt par personne : 12 Euros \u00e0 r\u00e9gler sur place.<\/p>\n<div class=\"n2_ss_slider_publish__option_code\" dir=\"ltr\" data-mode=\"id\"><img loading=\"lazy\" decoding=\"async\" class=\"alignnone wp-image-3714 size-medium\" src=\"http:\/\/www.vercors-en-vert.fr\/wp-content\/uploads\/2023\/10\/petit-dej-1-300x225.jpg\" alt=\"\" width=\"300\" height=\"225\" srcset=\"https:\/\/vercors-en-vert.fr\/wp-content\/uploads\/2023\/10\/petit-dej-1-300x225.jpg 300w, https:\/\/vercors-en-vert.fr\/wp-content\/uploads\/2023\/10\/petit-dej-1-1024x768.jpg 1024w, https:\/\/vercors-en-vert.fr\/wp-content\/uploads\/2023\/10\/petit-dej-1-768x576.jpg 768w, https:\/\/vercors-en-vert.fr\/wp-content\/uploads\/2023\/10\/petit-dej-1-1536x1152.jpg 1536w, https:\/\/vercors-en-vert.fr\/wp-content\/uploads\/2023\/10\/petit-dej-1-1144x858.jpg 1144w, https:\/\/vercors-en-vert.fr\/wp-content\/uploads\/2023\/10\/petit-dej-1-scaled.jpg 600w\" sizes=\"auto, (max-width: 300px) 100vw, 300px\" \/> <img loading=\"lazy\" decoding=\"async\" class=\"alignnone wp-image-3715 size-medium\" src=\"http:\/\/www.vercors-en-vert.fr\/wp-content\/uploads\/2023\/10\/petit-dej-2-300x225.jpg\" alt=\"\" width=\"300\" height=\"225\" srcset=\"https:\/\/vercors-en-vert.fr\/wp-content\/uploads\/2023\/10\/petit-dej-2-300x225.jpg 300w, https:\/\/vercors-en-vert.fr\/wp-content\/uploads\/2023\/10\/petit-dej-2-1024x768.jpg 1024w, https:\/\/vercors-en-vert.fr\/wp-content\/uploads\/2023\/10\/petit-dej-2-768x576.jpg 768w, https:\/\/vercors-en-vert.fr\/wp-content\/uploads\/2023\/10\/petit-dej-2-1536x1152.jpg 1536w, https:\/\/vercors-en-vert.fr\/wp-content\/uploads\/2023\/10\/petit-dej-2-1144x858.jpg 1144w, https:\/\/vercors-en-vert.fr\/wp-content\/uploads\/2023\/10\/petit-dej-2-scaled.jpg 600w\" sizes=\"auto, (max-width: 300px) 100vw, 300px\" \/><\/div>\n<p>&nbsp;<\/p>\n","protected":false},"excerpt":{"rendered":"<p>Je vous propose un petit d\u00e9jeuner optionnel copieux &#8230; Th\u00e9 ou Caf\u00e9 italien, 1 Croissant 1 petit pain aux figues 1 Baguette Jus de fruits bio Confitures bio maison pains [&hellip;]<\/p>\n","protected":false},"author":3,"featured_media":0,"parent":0,"menu_order":0,"comment_status":"closed","ping_status":"closed","template":"","meta":{"_crdt_document":"","footnotes":""},"class_list":["post-3708","page","type-page","status-publish","hentry",null],"_links":{"self":[{"href":"https:\/\/vercors-en-vert.fr\/index.php?rest_route=\/wp\/v2\/pages\/3708","targetHints":{"allow":["GET"]}}],"collection":[{"href":"https:\/\/vercors-en-vert.fr\/index.php?rest_route=\/wp\/v2\/pages"}],"about":[{"href":"https:\/\/vercors-en-vert.fr\/index.php?rest_route=\/wp\/v2\/types\/page"}],"author":[{"embeddable":true,"href":"https:\/\/vercors-en-vert.fr\/index.php?rest_route=\/wp\/v2\/users\/3"}],"replies":[{"embeddable":true,"href":"https:\/\/vercors-en-vert.fr\/index.php?rest_route=%2Fwp%2Fv2%2Fcomments&post=3708"}],"version-history":[{"count":12,"href":"https:\/\/vercors-en-vert.fr\/index.php?rest_route=\/wp\/v2\/pages\/3708\/revisions"}],"predecessor-version":[{"id":4590,"href":"https:\/\/vercors-en-vert.fr\/index.php?rest_route=\/wp\/v2\/pages\/3708\/revisions\/4590"}],"wp:attachment":[{"href":"https:\/\/vercors-en-vert.fr\/index.php?rest_route=%2Fwp%2Fv2%2Fmedia&parent=3708"}],"curies":[{"name":"wp","href":"https:\/\/api.w.org\/{rel}","templated":true}]}}