{"id":3611,"date":"2023-09-18T16:44:53","date_gmt":"2023-09-18T16:44:53","guid":{"rendered":"http:\/\/vercors-en-vert.fr\/vercors\/?page_id=3611"},"modified":"2026-04-23T13:36:24","modified_gmt":"2026-04-23T13:36:24","slug":"chambre-manon-2","status":"publish","type":"page","link":"https:\/\/vercors-en-vert.fr\/?page_id=3611","title":{"rendered":"Chambre Manon (2 Pers)"},"content":{"rendered":"<div>\n<div class=\"n2_ss_slider_publish__option_code\" dir=\"ltr\" data-mode=\"id\">\n<div><\/div>\n<\/div>\n<div class=\"n2_ss_slider_publish__option_code\" dir=\"ltr\" data-mode=\"id\"><img loading=\"lazy\" decoding=\"async\" class=\"aligncenter wp-image-4017 size-full\" src=\"https:\/\/www.vercors-en-vert.fr\/wp-content\/uploads\/2024\/04\/parc.jpg\" alt=\"\" width=\"114\" height=\"123\" \/><\/div>\n<\/div>\n<div class=\"su-accordion su-u-trim\"><div class=\"su-spoiler su-spoiler-style-fancy su-spoiler-icon-chevron-circle su-spoiler-closed\" data-scroll-offset=\"0\" data-anchor-in-url=\"no\"><div class=\"su-spoiler-title\" tabindex=\"0\" role=\"button\"><span class=\"su-spoiler-icon\"><\/span>D\u00e9tails<\/div><div class=\"su-spoiler-content su-u-clearfix su-u-trim\">\n<p><img loading=\"lazy\" decoding=\"async\" class=\"alignnone wp-image-2233 size-full\" src=\"https:\/\/www.vercors-en-vert.fr\/wp-content\/uploads\/2019\/05\/personnes-e1557680463867.jpg\" alt=\"\" width=\"14\" height=\"15\" \/>\u00a0<span class=\"mphb-attribute-title mphb-size-title\"><span class=\"mphb-attribute-title mphb-view-title\">\u00a0<\/span><\/span>2 Personnes,\u00a0 salle de bain priv\u00e9e avec douche et toilettes attenantes.<\/p>\n<hr \/>\n<p><img loading=\"lazy\" decoding=\"async\" class=\"alignnone wp-image-2245 size-full\" src=\"https:\/\/www.vercors-en-vert.fr\/wp-content\/uploads\/2019\/05\/equipement.jpg\" alt=\"\" width=\"19\" height=\"15\" \/>\u00a0<span class=\"mphb-attribute-title mphb-size-title\"><span class=\"mphb-attribute-title mphb-view-title\">\u00a0<\/span><\/span><span class=\"mphb-attribute-title mphb-facilities-title\">\u00c9quipements : 1 Armoire<span class=\"mphb-attribute-value\"><span class=\"facility-free-wi-fi\">, 1 table, 2 chaises<\/span><\/span><span class=\"mphb-attribute-value\"><span class=\"facility-free-wi-fi\">, t\u00e9l\u00e9vision,<\/span><\/span><\/span><span class=\"mphb-attribute-value\"><span class=\"facility-free-wi-fi\"> wifi gratuit<\/span>, parking cl\u00f4t priv\u00e9. En \u00e9t\u00e9 piscine priv\u00e9e, location v\u00e9los, BBQ, picnic et chaises longues dans le parc priv\u00e9<\/span><\/p>\n<hr \/>\n<p><span class=\"mphb-attribute-title mphb-view-title\"><img loading=\"lazy\" decoding=\"async\" class=\"alignnone wp-image-2244 size-full\" src=\"https:\/\/www.vercors-en-vert.fr\/wp-content\/uploads\/2019\/05\/vue.jpg\" alt=\"\" width=\"19\" height=\"20\" \/>\u00a0<span class=\"mphb-attribute-title mphb-size-title\">\u00a0<\/span>Vue : Massif du <\/span><span class=\"mphb-attribute-value\">Vercors<\/span><\/p>\n<hr \/>\n<p><span class=\"mphb-attribute-title mphb-size-title\"><span class=\"mphb-attribute-title mphb-view-title\"><img loading=\"lazy\" decoding=\"async\" class=\"alignnone wp-image-2240 size-full\" src=\"https:\/\/www.vercors-en-vert.fr\/wp-content\/uploads\/2019\/05\/Taille.jpg\" alt=\"\" width=\"17\" height=\"17\" \/>\u00a0\u00a0<\/span>Taille :\u00a0<\/span><span class=\"mphb-attribute-value\">20 m\u00b2<\/span><\/p>\n<hr \/>\n<p><span class=\"mphb-attribute-title mphb-bed-type-title\"><span class=\"mphb-attribute-title mphb-size-title\"><span class=\"mphb-attribute-title mphb-view-title\"><img loading=\"lazy\" decoding=\"async\" class=\"alignnone wp-image-2242 size-full\" src=\"https:\/\/www.vercors-en-vert.fr\/wp-content\/uploads\/2019\/05\/Lits.jpg\" alt=\"\" width=\"20\" height=\"15\" \/>\u00a0\u00a0<\/span><\/span>Type de lit : <\/span><span class=\"mphb-attribute-value\">1 lit double taille 140.<\/span><\/p>\n<hr \/>\n<p><span class=\"mphb-attribute-title mphb-bed-type-title\"><span class=\"mphb-attribute-title mphb-size-title\"><span class=\"mphb-attribute-title mphb-view-title\"><img loading=\"lazy\" decoding=\"async\" class=\"alignnone wp-image-2396 size-full\" src=\"https:\/\/www.vercors-en-vert.fr\/wp-content\/uploads\/2019\/05\/icone_animaux_acceptes.gif\" alt=\"\" width=\"20\" height=\"20\" \/> Animaux accept\u00e9s<\/span><\/span><\/span><\/p>\n<hr \/>\n<p><span class=\"mphb-attribute-title mphb-bed-type-title\"><span class=\"mphb-attribute-title mphb-size-title\"><span class=\"mphb-attribute-title mphb-view-title\">\u00a0<img loading=\"lazy\" decoding=\"async\" class=\"alignnone wp-image-3696 \" src=\"https:\/\/www.vercors-en-vert.fr\/wp-content\/uploads\/2023\/10\/fumeurs.png\" alt=\"\" width=\"20\" height=\"20\" \/>\u00a0 Fumeurs refus\u00e9s<\/span><\/span><\/span><\/p>\n<hr \/>\n<p><span class=\"mphb-attribute-title mphb-bed-type-title\"><span class=\"mphb-attribute-title mphb-size-title\"><span class=\"mphb-attribute-title mphb-view-title\"> <img loading=\"lazy\" decoding=\"async\" class=\"\" src=\"https:\/\/www.vercors-en-vert.fr\/wp-content\/uploads\/2026\/02\/velo.png\" width=\"28\" height=\"28\" \/>\u00a0 Location de v\u00e9los.<\/span><\/span><\/span><\/p>\n<hr \/>\n<p><span class=\"mphb-attribute-title mphb-bed-type-title\"><span class=\"mphb-attribute-title mphb-size-title\"><span class=\"mphb-attribute-title mphb-view-title\">\u00a0<img loading=\"lazy\" decoding=\"async\" class=\"alignnone wp-image-3695 \" src=\"https:\/\/www.vercors-en-vert.fr\/wp-content\/uploads\/2023\/10\/borne.jpg\" alt=\"\" width=\"24\" height=\"16\" \/>\u00a0 Borne recharge V\u00e9hicule Electrique 11 kw (payante).<\/span><\/span><\/span><\/p>\n<hr \/>\n<p><strong>Prix\u00a0 :<\/strong> <span class=\"mphb-price\">\u00e0 partir de 71<\/span> <span class=\"mphb-price\"><span class=\"mphb-currency\">\u20ac\u00a0<\/span><\/span><span class=\"mphb-price-period\" title=\"\">par nuit.<\/span><\/p>\n<hr \/>\n<\/div><\/div> <div class=\"su-spoiler su-spoiler-style-fancy su-spoiler-icon-chevron-circle su-spoiler-closed\" data-scroll-offset=\"0\" data-anchor-in-url=\"no\"><div class=\"su-spoiler-title\" tabindex=\"0\" role=\"button\"><span class=\"su-spoiler-icon\"><\/span>Description<\/div><div class=\"su-spoiler-content su-u-clearfix su-u-trim\">\n<section class=\"InfoDescription SectionItem ToggleMobile\">\n<div class=\"contain\">\n<div id=\"jsCibleMobileEltInfo\" class=\"OsDescr\">\n<p>\u00ab La chambre de Manon \u00bb fait partie de notre ferme r\u00e9nov\u00e9e \u00e2g\u00e9e de 200 ans .<\/p>\n<p>Cette chambre confortable de 20 m2, est situ\u00e9 au dernier \u00e9tage avec une vue sur le Massif du Vercors.<\/p>\n<p>\u00catre nich\u00e9 au dernier \u00e9tage, c\u2019est \u00eatre sous les combles avec une vue sur les \u00e9toiles gr\u00e2ce \u00e0 son Velux \u00e0 fermeture \u00e9lectrique.<\/p>\n<p>Extr\u00eamement calme et sans un bruit, vous y trouverez un sympathique espace \u00e0 dormir comprenant, un lit double en 140 avec une literie neuve, une table et deux chaises et une armoire.<\/p>\n<\/div>\n<p>En \u00e9t\u00e9, vous pourrez vous relaxer pr\u00e8s de la piscine, vous reposer dans une chaise longue ou faire un BBQ dans le parc de 3000 m2.<\/p>\n<div id=\"jsCibleMobileEltInfo\" class=\"OsDescr\">\n<p>Cette chambre dispose d\u2019une t\u00e9l\u00e9vision \u00e0 \u00e9cran plat et d&rsquo;un wifi tr\u00e8s rapide gratuit.<\/p>\n<p>La salle de bain priv\u00e9e est attenante avec une douche, un lavabo et des toilettes.<\/p>\n<div class=\"su-expand su-expand-collapsed su-expand-link-style-dotted\" data-height=\"100\"><div class=\"su-expand-content su-u-trim\" style=\"color:#333333;max-height:100px;overflow:hidden\">\n<p>Une fen\u00eatre et un Velux la rende tr\u00e8s lumineuse. Les volets \u00e9lectriques permettent un repos complet.<\/p>\n<p>Le parking est priv\u00e9, dans un parc cl\u00f4t.<\/p>\n<p>Une borne de recharge de 11kw (payante) pour les v\u00e9hicules \u00e9lectrique est \u00e0 votre disposition.<\/p>\n<p>La literie (draps housse, draps, oreillers, housse de couette, est fournie pour la dur\u00e9e du s\u00e9jour et pour le nombre de personnes annonc\u00e9es.<\/p>\n<p>Linge de toilette : un drap de bain, une serviette de toilette, un gant de toilette, une sortie de bain sont fournis pour la dur\u00e9e du s\u00e9jour et pour le nombre de personnes annonc\u00e9es.<\/p>\n<p>La Belle Via\u00a0 ( v\u00e9loroute V63)\u00a0 passe a 50 m.<\/p>\n<p>Le massif du Vercors est tr\u00e8s proche avec ses activit\u00e9s en Hiver ou en Et\u00e9.<\/p>\n<p>D\u2019innombrables randonn\u00e9es sont accessibles, certaines \u00e0 quelques centaines de m\u00e8tres.<\/p>\n<p>&nbsp;<\/p>\n<p>Je vous souhaite un tr\u00e8s bon s\u00e9jour dans ma demeure\u00a0 !<\/p>\n<p>Have fun !<\/p>\n<\/div><div class=\"su-expand-link su-expand-link-more\" style=\"text-align:left\"><a href=\"javascript:;\" style=\"color:#0088FF;border-color:#0088FF\"><span style=\"border-color:#0088FF\">Lire la suite<\/span><\/a><\/div><div class=\"su-expand-link su-expand-link-less\" style=\"text-align:left\"><a href=\"javascript:;\" style=\"color:#0088FF;border-color:#0088FF\"><span style=\"border-color:#0088FF\">Afficher moins<\/span><\/a><\/div><\/div>\n<\/div>\n<\/div>\n<\/section>\n<p>&nbsp;<\/p>\n<\/div><\/div> <div class=\"su-spoiler su-spoiler-style-fancy su-spoiler-icon-chevron-circle su-spoiler-closed\" data-scroll-offset=\"0\" data-anchor-in-url=\"no\"><div class=\"su-spoiler-title\" tabindex=\"0\" role=\"button\"><span class=\"su-spoiler-icon\"><\/span>Equipements et services<\/div><div class=\"su-spoiler-content su-u-clearfix su-u-trim\">\n<div class=\"LigneTypeCaract\">\n<h4>Equipements<\/h4>\n<ul class=\"fontSize-13px Col2Caract ResetCol640\">\n<li><span id=\"_tooltip_CaractLibelle_0-_3\">Salle de bain partag\u00e9e \u00e0 cot\u00e9 de la chambre<\/span><\/li>\n<li>Douche<\/li>\n<li>Wifi rapide gratuit<\/li>\n<li>T\u00e9l\u00e9vision<\/li>\n<li>Chauffage hiver \/ ventilateur \u00e9t\u00e9<\/li>\n<\/ul>\n<\/div>\n<div class=\"LigneTypeCaract\">\n<h4>Sp\u00e9cificit\u00e9s<\/h4>\n<ul class=\"fontSize-13px Col2Caract ResetCol640\">\n<li>Animaux accept\u00e9s<\/li>\n<li>Pi\u00e8ce non fumeur. Un espace couvert ext\u00e9rieur est \u00e0 disposition<\/li>\n<li>Pas de lits superpos\u00e9s<\/li>\n<li>Vue sur le massif du Vercors<\/li>\n<li>Velux et fen\u00eatre<\/li>\n<li>BBQ et picnic ext\u00e9rieur (Et\u00e9 seulement)<\/li>\n<li>Piscine ext\u00e9rieure (Et\u00e9 seulement)<\/li>\n<li>Borne recharge v\u00e9hicules \u00e9lectriques<\/li>\n<\/ul>\n<h4>Langues<\/h4>\n<ul class=\"fontSize-13px Col2Caract ResetCol640\">\n<li>Anglais parl\u00e9<\/li>\n<li>Allemand parl\u00e9<\/li>\n<li>Italien parl\u00e9<\/li>\n<\/ul>\n<h4>Restauration et commerces \u00e0 proximit\u00e9<\/h4>\n<ul class=\"fontSize-13px Col2Caract ResetCol640\">\n<li>\u00a0Restaurant<\/li>\n<li>\u00a0Brasserie<\/li>\n<li>\u00a0Cr\u00eaperie<\/li>\n<li>\u00a0<span id=\"_tooltip_CaractLibelle_3-_11\">Restauration rapide (snack)<\/span><\/li>\n<li>\u00a0Restauration traditionnelle<\/li>\n<li>\u00a0Pizzeria<\/li>\n<li>\u00a0<span id=\"_tooltip_CaractLibelle_6-_93\">Alimentation<\/span><\/li>\n<\/ul>\n<\/div>\n<div class=\"LigneTypeCaract\">\n<h4>Loisirs \u00e0 proximit\u00e9<\/h4>\n<\/div>\n<div class=\"LigneTypeCaract\">\n<ul class=\"fontSize-13px Col2Caract ResetCol640\">\n<li>\u00a0Base de loisir<\/li>\n<li>\u00a0V\u00e9lo<\/li>\n<li>\u00a0<span id=\"_tooltip_CaractLibelle_4-_258\">Ski alpin<\/span><\/li>\n<li>\u00a0<span id=\"_tooltip_CaractLibelle_5-_259\">Ski de fond<\/span><\/li>\n<\/ul>\n<\/div>\n<\/div><\/div> <div class=\"su-spoiler su-spoiler-style-fancy su-spoiler-icon-chevron-circle su-spoiler-closed\" data-scroll-offset=\"0\" data-anchor-in-url=\"no\"><div class=\"su-spoiler-title\" tabindex=\"0\" role=\"button\"><span class=\"su-spoiler-icon\"><\/span>Contact<\/div><div class=\"su-spoiler-content su-u-clearfix su-u-trim\">\n<div class=\"LigneTypeCaract\">\n<ul class=\"fontSize-13px Col2Caract ResetCol640\">\n<li><span id=\"_tooltip_CaractLibelle_4-_258\">Pour toute information : +33 (0)7 68 36 51 69<\/span><\/li>\n<li>Nous contacter par mail\u00a0 :\u00a0<a href=\"mailto:contact@vercors-en-vert.fr\">contact@vercors-en-vert.fr<\/a><\/li>\n<\/ul>\n<\/div>\n<div class=\"LigneTypeCaract\"><\/div>\n<\/div><\/div> <div class=\"su-spoiler su-spoiler-style-fancy su-spoiler-icon-chevron-circle su-spoiler-closed\" data-scroll-offset=\"0\" data-anchor-in-url=\"no\"><div class=\"su-spoiler-title\" tabindex=\"0\" role=\"button\"><span class=\"su-spoiler-icon\"><\/span>Disponibilit\u00e9s et r\u00e9servation en ligne<\/div><div class=\"su-spoiler-content su-u-clearfix su-u-trim\">\n<ul>\n<li style=\"list-style-type: none;\">\n<ul>\n<li>Le co\u00fbt de la nuit\u00e9e est \u00e0 partir de 69 euros.<\/li>\n<li>Un petit d\u00e9jeuner peut \u00eatre r\u00e9serv\u00e9 . Th\u00e9 ou Caf\u00e9, 1 baguette, 1 petit pain aux figues, 1 croissant, jus de fruits bio, fruits de saison, fromage, yaourt,\u00a0 jambon blanc, charcuterie,\u00a0 pains d&rsquo;\u00e9pices artisanaux, miel maison et confitures maison.<\/li>\n<li>Pour diner\u00a0 \u00e0 St Marcellin (10km) :<\/li>\n<li>Restaurant \u2018une autre histoire\u2019, 11 Rue Biesse\u00a0 38160 Saint Marcellin. Cadre chaleureux, cuisine traditionnelle et r\u00e9gionale. Bon rapport qualit\u00e9\/prix. Ouvert du lundi au Samedi soir (ferm\u00e9e le mercredi). Pensez \u00e0 r\u00e9server : 04 76 38 50 27<\/li>\n<li>Brasserie &lsquo;Au plan B&rsquo;, ouverte du lundi au Dimanche midi jusqu&rsquo;\u00e0 00:30. &#8211; fermeture des cuisines : 22h00 &#8211; (ferm\u00e9e le mercredi), 2 place des Carmes 38160 Saint Marcellin 04 76 36 64 69<\/li>\n<li>Pour diner\u00a0 \u00e0 Pont en Royans (15 km) :<\/li>\n<li>Restaurant \u2018Le Mont Baret\u2019. Cadre Exceptionnel au dessus des maisons suspendus (site class\u00e9) , cuisine maison et r\u00e9gionale. Ouvert du Mercredi au Dimanche soir du 15 Avril au 15 Octobre. Pensez \u00e0 r\u00e9server : 06 85 14 43 63 &#8211; Pas de CB<\/li>\n<li><span id=\"_tooltip_CaractLibelle_4-_258\">Disponibilit\u00e9s et r\u00e9servation en ligne : <\/span><strong><script type=\"text\/javascript\" src=\"\/\/gadget.open-system.fr\/widgets-libs\/rel\/noyau-1.0.min.js\"><\/script>\r\n<script type=\"text\/javascript\">\r\n( function() {\r\n\tvar widgetProduit = AllianceReseaux.Widget.Instance( \"Produit\", { idPanier:\"sN-xsLA\", idIntegration:1242, langue:\"fr\", ui:\"OSMB-63405-14\" } );\r\n\twidgetProduit.Initialise();\r\n})();\r\n<\/script>\r\n\r\n<div id=\"widget-produit-OSMB-63405-14\"><\/div><\/strong><\/div><\/div> <div class=\"su-spoiler su-spoiler-style-fancy su-spoiler-icon-chevron-circle su-spoiler-closed\" data-scroll-offset=\"0\" data-anchor-in-url=\"no\"><div class=\"su-spoiler-title\" tabindex=\"0\" role=\"button\"><span class=\"su-spoiler-icon\"><\/span>Localisation<\/div><div class=\"su-spoiler-content su-u-clearfix su-u-trim\"><strong><iframe src=\"https:\/\/www.google.com\/maps\/embed?pb=!1m18!1m12!1m3!1d2816.1233662814184!2d5.3015894768618095!3d45.10356717107023!2m3!1f0!2f0!3f0!3m2!1i1024!2i768!4f13.1!3m3!1m2!1s0x478ab98728921e8d%3A0x4b20ab175ae06609!2s511%20Rte%20de%20Laille%2C%2038160%20Saint-Romans!5e0!3m2!1sfr!2sfr!4v1695052818307!5m2!1sfr!2sfr\" width=\"600\" height=\"450\" style=\"border:0;\" allowfullscreen=\"\" loading=\"lazy\" referrerpolicy=\"no-referrer-when-downgrade\"><\/iframe><\/strong><\/div><\/div> <div class=\"su-spoiler su-spoiler-style-fancy su-spoiler-icon-chevron-circle su-spoiler-closed\" data-scroll-offset=\"0\" data-anchor-in-url=\"no\"><div class=\"su-spoiler-title\" tabindex=\"0\" role=\"button\"><span class=\"su-spoiler-icon\"><\/span>Conditions g\u00e9n\u00e9rales de vente<\/div><div class=\"su-spoiler-content su-u-clearfix su-u-trim\">\n<p class=\"p2\">Article 1 &#8211; Dur\u00e9e du S\u00e9jour : le client signataire du pr\u00e9sent contrat conclu pour une dur\u00e9e d\u00e9termin\u00e9e ne pourra en aucune circonstance se pr\u00e9valoir d\u2019un quelconque droit au maintien dans les lieux.<\/p>\n<p class=\"p2\">Article 2 &#8211; conclusion du contrat : la r\u00e9servation devient effective d\u00e8s lors que le client aura fait parvenir au propri\u00e9taire un acompte correspondant \u00e0 25% du montant de la location indiqu\u00e9s sur le contrat dans un d\u00e9lai de 7 jours suivant la date de r\u00e9servation et un exemplaire du contrat sign\u00e9, avant la date indiqu\u00e9e sur le contrat.<\/p>\n<p class=\"p2\">Un exemplaire du contrat est \u00e0 conserver par le client.<\/p>\n<p class=\"p2\">Les \u00e9changes de documents (contrat ou autre) sont \u00e0 faire de pr\u00e9f\u00e9rence par voie \u00e9lectronique \u00e0 l\u2019adresse mail : contact@vercors-en-vert.fr<\/p>\n<p class=\"p2\">ou de fa\u00e7on exceptionnelle par courrier adress\u00e9 a Patricia Molaro, 511 route de Laille 38160 Saint Romans<div class=\"su-expand su-expand-collapsed su-expand-link-style-dotted\" data-height=\"100\"><div class=\"su-expand-content su-u-trim\" style=\"color:#333333;max-height:100px;overflow:hidden\">\n<p class=\"p2\">Le r\u00e8glement de la r\u00e9servation se fait :<\/p>\n<p class=\"p2\">Par CB, un lien de r\u00e8glement vous sera envoy\u00e9 apr\u00e8s validation de votre r\u00e9servation.<\/p>\n<p class=\"p2\">ou<\/p>\n<p class=\"p2\">Par virement au compte suivant :<\/p>\n<p class=\"p2\">Vercors en vert,<\/p>\n<p class=\"p3\"><span class=\"s1\">IBAN\u00a0<\/span><strong>FR76 4061 8804 4000 0402 4057 296<\/strong><\/p>\n<p class=\"p3\"><span class=\"s1\">BIC\u00a0<strong>BOUS FRPP XXX<\/strong><\/span><\/p>\n<p class=\"p3\"><b>En libell\u00e9, merci de pr\u00e9ciser votre nom, le nom de l\u2019h\u00e9bergement et les jours r\u00e9serv\u00e9s.<\/b><\/p>\n<p class=\"p3\"><b>Les ch\u00e8ques ne sont pas accept\u00e9s<\/b><\/p>\n<p class=\"p2\">Le contrat conclu entre les parties au pr\u00e9sent acte ne peut en aucun cas b\u00e9n\u00e9ficier m\u00eame partiellement \u00e0 des tiers, personnes physiques ou morales, sauf accord \u00e9crit du propri\u00e9taire.<\/p>\n<p class=\"p2\">Toute infraction \u00e0 ce dernier alin\u00e9a serait susceptible d&rsquo;entra\u00eener la r\u00e9siliation imm\u00e9diate du s\u00e9jour aux torts du client, le prix du s\u00e9jour restant d\u00e9finitivement acquis au propri\u00e9taire.<\/p>\n<p class=\"p2\">Article 3 &#8211; Annulation par le client : toute annulation doit \u00eatre notifi\u00e9e par lettre recommand\u00e9e, t\u00e9l\u00e9copie ou e-mail, adress\u00e9 au propri\u00e9taire.<\/p>\n<p class=\"p2\">a) annulation avant l&rsquo;arriv\u00e9e dans les lieux : l\u2019acompte restent acquis au propri\u00e9taire. Celui-ci pourra demander le solde du montant du s\u00e9jour, si l&rsquo;annulation intervient moins de 7 jours avant la date pr\u00e9vue d&rsquo;entr\u00e9e dans les lieux.<\/p>\n<p class=\"p2\">Si le client ne se manifeste pas dans les 24 heures qui suivent la date d&rsquo;arriv\u00e9e indiqu\u00e9e sur le contrat, le pr\u00e9sent contrat devient nul et le propri\u00e9taire peut disposer de la location. L\u2019acompte restent acquis au propri\u00e9taire qui demandera le paiement du solde du s\u00e9jour.<\/p>\n<p class=\"p2\">b) si le s\u00e9jour est \u00e9court\u00e9, le prix du s\u00e9jour reste acquis au propri\u00e9taire. Il ne sera proc\u00e9d\u00e9 \u00e0 aucun remboursement.<\/p>\n<p class=\"p2\">Article 4 &#8211; Annulation par le propri\u00e9taire : le propri\u00e9taire reverse au client l&rsquo;int\u00e9gralit\u00e9 des sommes vers\u00e9es, ainsi qu&rsquo;une indemnit\u00e9 au moins \u00e9gale \u00e0 celle que le client aurait support\u00e9e si l&rsquo;annulation \u00e9tait intervenue de son fait \u00e0 cette date.<\/p>\n<p class=\"p2\">Article 5 &#8211; Arriv\u00e9e :<\/p>\n<p class=\"p1\">Le client doit se pr\u00e9senter le jour pr\u00e9cis\u00e9\u00a0 \u00e0 partir de 18h. Il est souhaitable de t\u00e9l\u00e9phoner au pr\u00e9alable pour le lieu de rendez vous.<\/p>\n<p class=\"p2\">En cas d\u2019arriv\u00e9e tardive ou diff\u00e9r\u00e9e, le client doit pr\u00e9venir le propri\u00e9taire.<\/p>\n<p class=\"p1\">D\u00e9part : La restitution des clefs doit se faire le jour pr\u00e9cis\u00e9 avant 10h.<\/p>\n<p class=\"p2\">Article 6 &#8211; R\u00e8glement du solde : Le solde du prix du s\u00e9jour doit \u00eatre vers\u00e9 au minimum\u00a0 le jour de l&rsquo;arriv\u00e9e.<\/p>\n<p class=\"p2\">Le r\u00e8glement du solde se fait par CB sur place<\/p>\n<p class=\"p3\"><b>Les ch\u00e8ques ne sont pas accept\u00e9s<\/b><\/p>\n<p class=\"p2\">Article 7 &#8211; Taxe de s\u00e9jour : la taxe de s\u00e9jour est un imp\u00f4t local que le client doit acquitter aupr\u00e8s du propri\u00e9taire qui la reverse ensuite au Tr\u00e9sor Public. Elle est incluse dans le prix du s\u00e9jour<\/p>\n<p class=\"p2\">Article 8 &#8211; D\u00e9p\u00f4t de garantie ou caution: \u00e0 l&rsquo;arriv\u00e9e du client, un d\u00e9p\u00f4t de garantie d\u2019un montant pr\u00e9cis\u00e9 dans la description de l\u2019appartement est demand\u00e9 par le propri\u00e9taire. Apr\u00e8s l&rsquo;\u00e9tablissement contradictoire de l&rsquo;\u00e9tat des lieux de sortie, ce d\u00e9p\u00f4t est restitu\u00e9, d\u00e9duction faite du co\u00fbt de remise en \u00e9tat des lieux, si des d\u00e9gradations ont \u00e9t\u00e9 constat\u00e9es.<\/p>\n<p class=\"p1\">Article 9 &#8211; Etat des lieux : un inventaire est \u00e9tabli en commun et sign\u00e9 par le client et le propri\u00e9taire ou son repr\u00e9sentant \u00e0 l&rsquo;arriv\u00e9e et au d\u00e9part de la location. Cet inventaire constitue la seule r\u00e9f\u00e9rence en cas de litige concernant l&rsquo;\u00e9tat des lieux.<\/p>\n<p class=\"p1\">L&rsquo;\u00e9tat de propret\u00e9 de la location \u00e0 l&rsquo;arriv\u00e9e du client devra \u00eatre constat\u00e9 dans l&rsquo;\u00e9tat des lieux. Le nettoyage des locaux est \u00e0 la charge du client pendant le s\u00e9jour et avant son d\u00e9part. Le montant des \u00e9ventuels frais de m\u00e9nage est de 45 \u20ac.<\/p>\n<p class=\"p1\">Un kit draps et serviettes propres est fournis pour le nombre de personnes annonc\u00e9s.<\/p>\n<p class=\"p1\">Les prestations compl\u00e9mentaires suivantes peuvent \u00eatre souscrite -AVANT l\u2019arriv\u00e9e- aupr\u00e8s du propri\u00e9taire : 07 68 36 51 69<\/p>\n<p>Petit D\u00e9jeuner. Th\u00e9 ou Caf\u00e9, 1 baguette, 1 croissant, miel maison et confitures maison. Le prix est de 12 Euros par personne.<\/p>\n<p class=\"p2\">Article 10 &#8211; Utilisation des lieux : le client devra assurer le caract\u00e8re paisible de la location et en faire usage conform\u00e9ment \u00e0 la destination des lieux.<\/p>\n<p class=\"p2\">Article 11 &#8211; Capacit\u00e9 : le pr\u00e9sent contrat est \u00e9tabli pour une capacit\u00e9 maximum de personnes. Si le nombre de clients d\u00e9passe la capacit\u00e9 d&rsquo;accueil, le propri\u00e9taire est en mesure de refuser les personnes suppl\u00e9mentaires.<\/p>\n<p class=\"p2\">Toute modification ou rupture de contrat sera consid\u00e9r\u00e9e \u00e0 l&rsquo;initiative du client.<\/p>\n<p class=\"p2\">Article 12 &#8211; Animaux : Le pr\u00e9sent contrat pr\u00e9cise que le client peut s\u00e9journer en compagnie d&rsquo;un animal domestique. Sous r\u00e9serve qu\u2019aucune d\u00e9gradation ne soit commise.La remise en \u00e9tat \u00e9ventuelle sera d\u00e9duite de la caution. L\u2019animai domestique ne devra pas \u00eatre responsable d\u2019une quelconque g\u00eane pour la copropri\u00e9t\u00e9.<\/p>\n<p class=\"p2\">En cas de non-respect<span class=\"Apple-converted-space\">\u00a0 <\/span>de cette clause par le client, le propri\u00e9taire pourra retenir tout ou partie de la caution .<\/p>\n<p class=\"p2\">Article 13 &#8211; Assurances : le client est responsable de tous les dommages survenant de son fait. Il est invit\u00e9 \u00e0 souscrire un contrat d&rsquo;assurance type vill\u00e9giature pour ces diff\u00e9rents risques.<\/p>\n<p class=\"p2\">Article 14 &#8211; Litiges : toute r\u00e9clamation relative \u00e0 l&rsquo;\u00e9tat des lieux doit \u00eatre soumise au propri\u00e9taire dans les trois jours suivant la date du d\u00e9but du s\u00e9jour. Toute autre r\u00e9clamation doit lui \u00eatre adress\u00e9e dans les meilleurs d\u00e9lais, par lettre recommand\u00e9e.<\/p>\n<p class=\"p2\">Article 15 &#8211; Conform\u00e9ment \u00e0 la loi du 6 janvier 1978, vous b\u00e9n\u00e9ficiez d&rsquo;un droit d&rsquo;acc\u00e8s et de rectification aux donn\u00e9es vous concernant. Le propri\u00e9taire s&rsquo;engage \u00e0 ne pas transmettre, les informations que vous lui avez communiqu\u00e9es \u00e0 d&rsquo;autres soci\u00e9t\u00e9s ou organismes.<\/p>\n<p class=\"p2\">Version 2.4<\/div><div class=\"su-expand-link su-expand-link-more\" style=\"text-align:left\"><a href=\"javascript:;\" style=\"color:#0088FF;border-color:#0088FF\"><span style=\"border-color:#0088FF\">Lire la suite<\/span><\/a><\/div><div class=\"su-expand-link su-expand-link-less\" style=\"text-align:left\"><a href=\"javascript:;\" style=\"color:#0088FF;border-color:#0088FF\"><span style=\"border-color:#0088FF\">Afficher moins<\/span><\/a><\/div><\/div>\n<\/div><\/div>\n<\/div><\/li>\n<\/ul>\n<\/li>\n<\/ul>\n","protected":false},"excerpt":{"rendered":"","protected":false},"author":3,"featured_media":0,"parent":0,"menu_order":0,"comment_status":"closed","ping_status":"closed","template":"","meta":{"_crdt_document":"","footnotes":""},"class_list":["post-3611","page","type-page","status-publish","hentry",null],"_links":{"self":[{"href":"https:\/\/vercors-en-vert.fr\/index.php?rest_route=\/wp\/v2\/pages\/3611","targetHints":{"allow":["GET"]}}],"collection":[{"href":"https:\/\/vercors-en-vert.fr\/index.php?rest_route=\/wp\/v2\/pages"}],"about":[{"href":"https:\/\/vercors-en-vert.fr\/index.php?rest_route=\/wp\/v2\/types\/page"}],"author":[{"embeddable":true,"href":"https:\/\/vercors-en-vert.fr\/index.php?rest_route=\/wp\/v2\/users\/3"}],"replies":[{"embeddable":true,"href":"https:\/\/vercors-en-vert.fr\/index.php?rest_route=%2Fwp%2Fv2%2Fcomments&post=3611"}],"version-history":[{"count":39,"href":"https:\/\/vercors-en-vert.fr\/index.php?rest_route=\/wp\/v2\/pages\/3611\/revisions"}],"predecessor-version":[{"id":4630,"href":"https:\/\/vercors-en-vert.fr\/index.php?rest_route=\/wp\/v2\/pages\/3611\/revisions\/4630"}],"wp:attachment":[{"href":"https:\/\/vercors-en-vert.fr\/index.php?rest_route=%2Fwp%2Fv2%2Fmedia&parent=3611"}],"curies":[{"name":"wp","href":"https:\/\/api.w.org\/{rel}","templated":true}]}}